{"id":321,"date":"2025-03-15T13:58:14","date_gmt":"2025-03-15T12:58:14","guid":{"rendered":"https:\/\/barrere.com\/?page_id=321"},"modified":"2025-06-05T11:04:19","modified_gmt":"2025-06-05T09:04:19","slug":"extasis-crucifixio","status":"publish","type":"page","link":"https:\/\/barrere.com\/index.php\/extasis-crucifixio\/","title":{"rendered":"Extasis Crucifixio"},"content":{"rendered":"\n<p>On reconna\u00eet d\u2019embl\u00e9e la forme d\u2019une croix, bien qu\u2019elle soit sous forme v\u00e9g\u00e9tale. C\u2019est un crucifix, certes, mais revisit\u00e9, d\u00e9rout\u00e9 de sa fonction sacr\u00e9e. Clou\u00e9 dessus, non pas un Christ, mais une petite cr\u00e9ature rouge, une sorte de diablotin grima\u00e7ant, dont l\u2019attitude \u00e9voque moins la souffrance que l\u2019extase.<\/p>\n\n\n\n<p>Ce renversement des signes, \u00e0 la fois ironique et tendre, rejoue les codes d\u2019une imagerie catholique int\u00e9rioris\u00e9e depuis l\u2019enfance. Ici, la crucifixion devient th\u00e9\u00e2tre burlesque, rite pa\u00efen ou d\u00e9lire mystique joyeusement profane. Une mani\u00e8re de conjurer l\u2019h\u00e9ritage religieux non par le rejet frontal, mais par une relecture jubilatoire et ath\u00e9e.<\/p>\n\n\n\n<figure class=\"wp-block-gallery has-nested-images columns-default is-cropped wp-block-gallery-1 is-layout-flex wp-block-gallery-is-layout-flex\">\n<figure class=\"wp-block-image size-large\"><a href=\"https:\/\/barrere.com\/wp-content\/uploads\/2025\/03\/DSC02559-scaled.jpg\"><img loading=\"lazy\" decoding=\"async\" width=\"768\" height=\"1024\" data-id=\"322\" src=\"https:\/\/barrere.com\/wp-content\/uploads\/2025\/03\/DSC02559-768x1024.jpg\" alt=\"\" class=\"wp-image-322\" srcset=\"https:\/\/barrere.com\/wp-content\/uploads\/2025\/03\/DSC02559-768x1024.jpg 768w, https:\/\/barrere.com\/wp-content\/uploads\/2025\/03\/DSC02559-225x300.jpg 225w, https:\/\/barrere.com\/wp-content\/uploads\/2025\/03\/DSC02559-1152x1536.jpg 1152w, https:\/\/barrere.com\/wp-content\/uploads\/2025\/03\/DSC02559-1536x2048.jpg 1536w, https:\/\/barrere.com\/wp-content\/uploads\/2025\/03\/DSC02559-1240x1653.jpg 1240w, https:\/\/barrere.com\/wp-content\/uploads\/2025\/03\/DSC02559-508x677.jpg 508w, https:\/\/barrere.com\/wp-content\/uploads\/2025\/03\/DSC02559-scaled.jpg 1920w\" sizes=\"auto, (max-width: 768px) 100vw, 768px\" \/><\/a><\/figure>\n\n\n\n<figure class=\"wp-block-image size-large\"><a href=\"https:\/\/barrere.com\/wp-content\/uploads\/2025\/03\/DSC02560-1-scaled.jpg\"><img loading=\"lazy\" decoding=\"async\" width=\"768\" height=\"1024\" data-id=\"323\" src=\"https:\/\/barrere.com\/wp-content\/uploads\/2025\/03\/DSC02560-1-768x1024.jpg\" alt=\"\" class=\"wp-image-323\" srcset=\"https:\/\/barrere.com\/wp-content\/uploads\/2025\/03\/DSC02560-1-768x1024.jpg 768w, https:\/\/barrere.com\/wp-content\/uploads\/2025\/03\/DSC02560-1-225x300.jpg 225w, https:\/\/barrere.com\/wp-content\/uploads\/2025\/03\/DSC02560-1-1152x1536.jpg 1152w, https:\/\/barrere.com\/wp-content\/uploads\/2025\/03\/DSC02560-1-1536x2048.jpg 1536w, https:\/\/barrere.com\/wp-content\/uploads\/2025\/03\/DSC02560-1-1240x1654.jpg 1240w, https:\/\/barrere.com\/wp-content\/uploads\/2025\/03\/DSC02560-1-508x678.jpg 508w, https:\/\/barrere.com\/wp-content\/uploads\/2025\/03\/DSC02560-1-scaled.jpg 1919w\" sizes=\"auto, (max-width: 768px) 100vw, 768px\" \/><\/a><\/figure>\n\n\n\n<figure class=\"wp-block-image size-large\"><img loading=\"lazy\" decoding=\"async\" width=\"683\" height=\"1024\" data-id=\"324\" src=\"https:\/\/barrere.com\/wp-content\/uploads\/2025\/03\/DSC02561-683x1024.jpg\" alt=\"\" class=\"wp-image-324\" srcset=\"https:\/\/barrere.com\/wp-content\/uploads\/2025\/03\/DSC02561-683x1024.jpg 683w, https:\/\/barrere.com\/wp-content\/uploads\/2025\/03\/DSC02561-200x300.jpg 200w, https:\/\/barrere.com\/wp-content\/uploads\/2025\/03\/DSC02561-768x1152.jpg 768w, https:\/\/barrere.com\/wp-content\/uploads\/2025\/03\/DSC02561-1024x1536.jpg 1024w, https:\/\/barrere.com\/wp-content\/uploads\/2025\/03\/DSC02561-1365x2048.jpg 1365w, https:\/\/barrere.com\/wp-content\/uploads\/2025\/03\/DSC02561-1240x1860.jpg 1240w, https:\/\/barrere.com\/wp-content\/uploads\/2025\/03\/DSC02561-508x762.jpg 508w, https:\/\/barrere.com\/wp-content\/uploads\/2025\/03\/DSC02561-scaled.jpg 1707w\" sizes=\"auto, (max-width: 683px) 100vw, 683px\" \/><\/figure>\n\n\n\n<figure class=\"wp-block-image size-large\"><a href=\"https:\/\/barrere.com\/wp-content\/uploads\/2025\/03\/DSC02562-scaled.jpg\"><img loading=\"lazy\" decoding=\"async\" width=\"683\" height=\"1024\" data-id=\"325\" src=\"https:\/\/barrere.com\/wp-content\/uploads\/2025\/03\/DSC02562-683x1024.jpg\" alt=\"\" class=\"wp-image-325\" srcset=\"https:\/\/barrere.com\/wp-content\/uploads\/2025\/03\/DSC02562-683x1024.jpg 683w, https:\/\/barrere.com\/wp-content\/uploads\/2025\/03\/DSC02562-200x300.jpg 200w, https:\/\/barrere.com\/wp-content\/uploads\/2025\/03\/DSC02562-768x1152.jpg 768w, https:\/\/barrere.com\/wp-content\/uploads\/2025\/03\/DSC02562-1024x1536.jpg 1024w, https:\/\/barrere.com\/wp-content\/uploads\/2025\/03\/DSC02562-1365x2048.jpg 1365w, https:\/\/barrere.com\/wp-content\/uploads\/2025\/03\/DSC02562-1240x1860.jpg 1240w, https:\/\/barrere.com\/wp-content\/uploads\/2025\/03\/DSC02562-508x762.jpg 508w, https:\/\/barrere.com\/wp-content\/uploads\/2025\/03\/DSC02562-scaled.jpg 1707w\" sizes=\"auto, (max-width: 683px) 100vw, 683px\" \/><\/a><\/figure>\n<\/figure>\n","protected":false},"excerpt":{"rendered":"<p>On reconna\u00eet d\u2019embl\u00e9e la forme d\u2019une croix, bien qu\u2019elle soit sous forme v\u00e9g\u00e9tale. C\u2019est un crucifix, certes, mais revisit\u00e9, d\u00e9rout\u00e9 [&hellip;]<\/p>\n","protected":false},"author":1,"featured_media":0,"parent":0,"menu_order":0,"comment_status":"closed","ping_status":"closed","template":"","meta":{"site-sidebar-layout":"default","site-content-layout":"","ast-site-content-layout":"default","site-content-style":"default","site-sidebar-style":"default","ast-global-header-display":"","ast-banner-title-visibility":"","ast-main-header-display":"","ast-hfb-above-header-display":"","ast-hfb-below-header-display":"","ast-hfb-mobile-header-display":"","site-post-title":"","ast-breadcrumbs-content":"","ast-featured-img":"","footer-sml-layout":"","ast-disable-related-posts":"","theme-transparent-header-meta":"","adv-header-id-meta":"","stick-header-meta":"","header-above-stick-meta":"","header-main-stick-meta":"","header-below-stick-meta":"","astra-migrate-meta-layouts":"default","ast-page-background-enabled":"default","ast-page-background-meta":{"desktop":{"background-color":"var(--ast-global-color-5)","background-image":"","background-repeat":"repeat","background-position":"center center","background-size":"auto","background-attachment":"scroll","background-type":"","background-media":"","overlay-type":"","overlay-color":"","overlay-opacity":"","overlay-gradient":""},"tablet":{"background-color":"","background-image":"","background-repeat":"repeat","background-position":"center center","background-size":"auto","background-attachment":"scroll","background-type":"","background-media":"","overlay-type":"","overlay-color":"","overlay-opacity":"","overlay-gradient":""},"mobile":{"background-color":"","background-image":"","background-repeat":"repeat","background-position":"center center","background-size":"auto","background-attachment":"scroll","background-type":"","background-media":"","overlay-type":"","overlay-color":"","overlay-opacity":"","overlay-gradient":""}},"ast-content-background-meta":{"desktop":{"background-color":"var(--ast-global-color-4)","background-image":"","background-repeat":"repeat","background-position":"center center","background-size":"auto","background-attachment":"scroll","background-type":"","background-media":"","overlay-type":"","overlay-color":"","overlay-opacity":"","overlay-gradient":""},"tablet":{"background-color":"var(--ast-global-color-4)","background-image":"","background-repeat":"repeat","background-position":"center center","background-size":"auto","background-attachment":"scroll","background-type":"","background-media":"","overlay-type":"","overlay-color":"","overlay-opacity":"","overlay-gradient":""},"mobile":{"background-color":"var(--ast-global-color-4)","background-image":"","background-repeat":"repeat","background-position":"center center","background-size":"auto","background-attachment":"scroll","background-type":"","background-media":"","overlay-type":"","overlay-color":"","overlay-opacity":"","overlay-gradient":""}},"footnotes":""},"class_list":["post-321","page","type-page","status-publish","hentry"],"_links":{"self":[{"href":"https:\/\/barrere.com\/index.php\/wp-json\/wp\/v2\/pages\/321","targetHints":{"allow":["GET"]}}],"collection":[{"href":"https:\/\/barrere.com\/index.php\/wp-json\/wp\/v2\/pages"}],"about":[{"href":"https:\/\/barrere.com\/index.php\/wp-json\/wp\/v2\/types\/page"}],"author":[{"embeddable":true,"href":"https:\/\/barrere.com\/index.php\/wp-json\/wp\/v2\/users\/1"}],"replies":[{"embeddable":true,"href":"https:\/\/barrere.com\/index.php\/wp-json\/wp\/v2\/comments?post=321"}],"version-history":[{"count":6,"href":"https:\/\/barrere.com\/index.php\/wp-json\/wp\/v2\/pages\/321\/revisions"}],"predecessor-version":[{"id":492,"href":"https:\/\/barrere.com\/index.php\/wp-json\/wp\/v2\/pages\/321\/revisions\/492"}],"wp:attachment":[{"href":"https:\/\/barrere.com\/index.php\/wp-json\/wp\/v2\/media?parent=321"}],"curies":[{"name":"wp","href":"https:\/\/api.w.org\/{rel}","templated":true}]}}