{"id":336,"date":"2025-03-15T14:12:23","date_gmt":"2025-03-15T13:12:23","guid":{"rendered":"https:\/\/barrere.com\/?page_id=336"},"modified":"2025-03-21T19:44:52","modified_gmt":"2025-03-21T18:44:52","slug":"catus-ardens","status":"publish","type":"page","link":"https:\/\/barrere.com\/index.php\/catus-ardens\/","title":{"rendered":"Catus Ardens"},"content":{"rendered":"\n<p><\/p>\n\n\n\n<figure class=\"wp-block-gallery has-nested-images columns-default is-cropped wp-block-gallery-1 is-layout-flex wp-block-gallery-is-layout-flex\">\n<figure class=\"wp-block-image size-large\"><a href=\"https:\/\/barrere.com\/wp-content\/uploads\/2025\/03\/DSC02567-1-scaled.jpg\"><img loading=\"lazy\" decoding=\"async\" width=\"819\" height=\"1024\" data-id=\"337\" src=\"https:\/\/barrere.com\/wp-content\/uploads\/2025\/03\/DSC02567-1-819x1024.jpg\" alt=\"\" class=\"wp-image-337\" srcset=\"https:\/\/barrere.com\/wp-content\/uploads\/2025\/03\/DSC02567-1-819x1024.jpg 819w, https:\/\/barrere.com\/wp-content\/uploads\/2025\/03\/DSC02567-1-240x300.jpg 240w, https:\/\/barrere.com\/wp-content\/uploads\/2025\/03\/DSC02567-1-768x960.jpg 768w, https:\/\/barrere.com\/wp-content\/uploads\/2025\/03\/DSC02567-1-1229x1536.jpg 1229w, https:\/\/barrere.com\/wp-content\/uploads\/2025\/03\/DSC02567-1-1638x2048.jpg 1638w, https:\/\/barrere.com\/wp-content\/uploads\/2025\/03\/DSC02567-1-1240x1550.jpg 1240w, https:\/\/barrere.com\/wp-content\/uploads\/2025\/03\/DSC02567-1-508x635.jpg 508w, https:\/\/barrere.com\/wp-content\/uploads\/2025\/03\/DSC02567-1-scaled.jpg 2048w\" sizes=\"auto, (max-width: 819px) 100vw, 819px\" \/><\/a><\/figure>\n\n\n\n<figure class=\"wp-block-image size-large\"><img loading=\"lazy\" decoding=\"async\" width=\"819\" height=\"1024\" data-id=\"339\" src=\"https:\/\/barrere.com\/wp-content\/uploads\/2025\/03\/DSC02573-819x1024.jpg\" alt=\"\" class=\"wp-image-339\" srcset=\"https:\/\/barrere.com\/wp-content\/uploads\/2025\/03\/DSC02573-819x1024.jpg 819w, https:\/\/barrere.com\/wp-content\/uploads\/2025\/03\/DSC02573-240x300.jpg 240w, https:\/\/barrere.com\/wp-content\/uploads\/2025\/03\/DSC02573-768x960.jpg 768w, https:\/\/barrere.com\/wp-content\/uploads\/2025\/03\/DSC02573-1229x1536.jpg 1229w, https:\/\/barrere.com\/wp-content\/uploads\/2025\/03\/DSC02573-1639x2048.jpg 1639w, https:\/\/barrere.com\/wp-content\/uploads\/2025\/03\/DSC02573-1240x1550.jpg 1240w, https:\/\/barrere.com\/wp-content\/uploads\/2025\/03\/DSC02573-508x635.jpg 508w, https:\/\/barrere.com\/wp-content\/uploads\/2025\/03\/DSC02573-scaled.jpg 2048w\" sizes=\"auto, (max-width: 819px) 100vw, 819px\" \/><\/figure>\n\n\n\n<figure class=\"wp-block-image size-large\"><img loading=\"lazy\" decoding=\"async\" width=\"819\" height=\"1024\" data-id=\"338\" src=\"https:\/\/barrere.com\/wp-content\/uploads\/2025\/03\/DSC02575-819x1024.jpg\" alt=\"\" class=\"wp-image-338\" srcset=\"https:\/\/barrere.com\/wp-content\/uploads\/2025\/03\/DSC02575-819x1024.jpg 819w, https:\/\/barrere.com\/wp-content\/uploads\/2025\/03\/DSC02575-240x300.jpg 240w, https:\/\/barrere.com\/wp-content\/uploads\/2025\/03\/DSC02575-768x960.jpg 768w, https:\/\/barrere.com\/wp-content\/uploads\/2025\/03\/DSC02575-1229x1536.jpg 1229w, https:\/\/barrere.com\/wp-content\/uploads\/2025\/03\/DSC02575-1638x2048.jpg 1638w, https:\/\/barrere.com\/wp-content\/uploads\/2025\/03\/DSC02575-1240x1550.jpg 1240w, https:\/\/barrere.com\/wp-content\/uploads\/2025\/03\/DSC02575-508x635.jpg 508w, https:\/\/barrere.com\/wp-content\/uploads\/2025\/03\/DSC02575-scaled.jpg 2048w\" sizes=\"auto, (max-width: 819px) 100vw, 819px\" \/><\/figure>\n<\/figure>\n\n\n\n<p><\/p>\n\n\n\n<p><\/p>\n\n\n\n<p>Comme le buisson ardent,&nbsp;<strong>Catus Ardens<\/strong>&nbsp;br\u00fble sans se consumer, fig\u00e9 dans une posture de sid\u00e9ration. Mais ici, point de r\u00e9v\u00e9lation divine\u2014juste le grotesque d\u2019une impuissance universelle. Ce chat, l\u00e9ch\u00e9 par le feu, les yeux exorbit\u00e9s, c\u2019est nous, spectateurs m\u00e9dus\u00e9s d\u2019un monde qui s\u2019embrase.<\/p>\n\n\n\n<p>Like the burning bush,&nbsp;<strong>Catus Ardens<\/strong>&nbsp;burns without being consumed, frozen in a posture of stunned paralysis. But here, there is no divine revelation\u2014only the grotesque spectacle of universal helplessness. This cat, licked by flames, its eyes wide with shock, is us: bewildered spectators of a world going up in flames.<\/p>\n\n\n\n<p><\/p>\n\n\n\n<p><\/p>\n","protected":false},"excerpt":{"rendered":"<p>Comme le buisson ardent,&nbsp;Catus Ardens&nbsp;br\u00fble sans se consumer, fig\u00e9 dans une posture de sid\u00e9ration. Mais ici, point de r\u00e9v\u00e9lation divine\u2014juste [&hellip;]<\/p>\n","protected":false},"author":1,"featured_media":0,"parent":0,"menu_order":0,"comment_status":"closed","ping_status":"closed","template":"","meta":{"site-sidebar-layout":"default","site-content-layout":"","ast-site-content-layout":"default","site-content-style":"default","site-sidebar-style":"default","ast-global-header-display":"","ast-banner-title-visibility":"","ast-main-header-display":"","ast-hfb-above-header-display":"","ast-hfb-below-header-display":"","ast-hfb-mobile-header-display":"","site-post-title":"","ast-breadcrumbs-content":"","ast-featured-img":"","footer-sml-layout":"","ast-disable-related-posts":"","theme-transparent-header-meta":"","adv-header-id-meta":"","stick-header-meta":"","header-above-stick-meta":"","header-main-stick-meta":"","header-below-stick-meta":"","astra-migrate-meta-layouts":"default","ast-page-background-enabled":"default","ast-page-background-meta":{"desktop":{"background-color":"var(--ast-global-color-5)","background-image":"","background-repeat":"repeat","background-position":"center center","background-size":"auto","background-attachment":"scroll","background-type":"","background-media":"","overlay-type":"","overlay-color":"","overlay-opacity":"","overlay-gradient":""},"tablet":{"background-color":"","background-image":"","background-repeat":"repeat","background-position":"center center","background-size":"auto","background-attachment":"scroll","background-type":"","background-media":"","overlay-type":"","overlay-color":"","overlay-opacity":"","overlay-gradient":""},"mobile":{"background-color":"","background-image":"","background-repeat":"repeat","background-position":"center center","background-size":"auto","background-attachment":"scroll","background-type":"","background-media":"","overlay-type":"","overlay-color":"","overlay-opacity":"","overlay-gradient":""}},"ast-content-background-meta":{"desktop":{"background-color":"var(--ast-global-color-4)","background-image":"","background-repeat":"repeat","background-position":"center center","background-size":"auto","background-attachment":"scroll","background-type":"","background-media":"","overlay-type":"","overlay-color":"","overlay-opacity":"","overlay-gradient":""},"tablet":{"background-color":"var(--ast-global-color-4)","background-image":"","background-repeat":"repeat","background-position":"center center","background-size":"auto","background-attachment":"scroll","background-type":"","background-media":"","overlay-type":"","overlay-color":"","overlay-opacity":"","overlay-gradient":""},"mobile":{"background-color":"var(--ast-global-color-4)","background-image":"","background-repeat":"repeat","background-position":"center center","background-size":"auto","background-attachment":"scroll","background-type":"","background-media":"","overlay-type":"","overlay-color":"","overlay-opacity":"","overlay-gradient":""}},"footnotes":""},"class_list":["post-336","page","type-page","status-publish","hentry"],"_links":{"self":[{"href":"https:\/\/barrere.com\/index.php\/wp-json\/wp\/v2\/pages\/336","targetHints":{"allow":["GET"]}}],"collection":[{"href":"https:\/\/barrere.com\/index.php\/wp-json\/wp\/v2\/pages"}],"about":[{"href":"https:\/\/barrere.com\/index.php\/wp-json\/wp\/v2\/types\/page"}],"author":[{"embeddable":true,"href":"https:\/\/barrere.com\/index.php\/wp-json\/wp\/v2\/users\/1"}],"replies":[{"embeddable":true,"href":"https:\/\/barrere.com\/index.php\/wp-json\/wp\/v2\/comments?post=336"}],"version-history":[{"count":3,"href":"https:\/\/barrere.com\/index.php\/wp-json\/wp\/v2\/pages\/336\/revisions"}],"predecessor-version":[{"id":418,"href":"https:\/\/barrere.com\/index.php\/wp-json\/wp\/v2\/pages\/336\/revisions\/418"}],"wp:attachment":[{"href":"https:\/\/barrere.com\/index.php\/wp-json\/wp\/v2\/media?parent=336"}],"curies":[{"name":"wp","href":"https:\/\/api.w.org\/{rel}","templated":true}]}}