{"id":35,"date":"2025-02-18T08:32:00","date_gmt":"2025-02-18T07:32:00","guid":{"rendered":"https:\/\/barrere.com\/?page_id=35"},"modified":"2026-01-14T17:31:38","modified_gmt":"2026-01-14T16:31:38","slug":"agenda","status":"publish","type":"page","link":"https:\/\/barrere.com\/index.php\/agenda\/","title":{"rendered":"Agenda"},"content":{"rendered":"\n<p><\/p>\n\n\n\n<h2 class=\"wp-block-heading\">\u00c0 venir<\/h2>\n\n\n\n<p><strong># Bandol<\/strong>, march\u00e9 des potiers, Avril 2026<\/p>\n\n\n\n<p><strong># All\u00e9es c\u00e9ramiques <\/strong>Toulouse, Septembre 2026<\/p>\n\n\n\n<h2 class=\"wp-block-heading\"># L&rsquo;odyss\u00e9e de l&rsquo; imaginaire<\/h2>\n\n\n\n<figure class=\"wp-block-image size-large is-resized\"><img loading=\"lazy\" decoding=\"async\" width=\"760\" height=\"1024\" src=\"https:\/\/barrere.com\/wp-content\/uploads\/2026\/01\/CCCG-Expos2026-220x300-RCV-1-760x1024.jpg\" alt=\"\" class=\"wp-image-657\" style=\"aspect-ratio:0.742198825055314;width:255px;height:auto\" srcset=\"https:\/\/barrere.com\/wp-content\/uploads\/2026\/01\/CCCG-Expos2026-220x300-RCV-1-760x1024.jpg 760w, https:\/\/barrere.com\/wp-content\/uploads\/2026\/01\/CCCG-Expos2026-220x300-RCV-1-223x300.jpg 223w, https:\/\/barrere.com\/wp-content\/uploads\/2026\/01\/CCCG-Expos2026-220x300-RCV-1-768x1035.jpg 768w, https:\/\/barrere.com\/wp-content\/uploads\/2026\/01\/CCCG-Expos2026-220x300-RCV-1-508x685.jpg 508w, https:\/\/barrere.com\/wp-content\/uploads\/2026\/01\/CCCG-Expos2026-220x300-RCV-1.jpg 1080w\" sizes=\"auto, (max-width: 760px) 100vw, 760px\" \/><\/figure>\n\n\n\n<p><br><strong>Odyss\u00e9e de l\u2019imaginaire<\/strong><\/p>\n\n\n\n<p>Avec : Arnauld Lecalv\u00e9 \u00b7 Bertrand Secret \u00b7 Nicolas Rousseau \u00b7 Rafael Chacon \u00b7 Sarah Clotuche \u00b7 Sebastien Barr\u00e8re<\/p>\n\n\n\n<p><\/p>\n\n\n\n<figure class=\"wp-block-image size-full is-resized\"><img loading=\"lazy\" decoding=\"async\" width=\"452\" height=\"192\" src=\"https:\/\/barrere.com\/wp-content\/uploads\/2025\/07\/Capture-decran-2025-07-26-a-15.41.49.png\" alt=\"\" class=\"wp-image-526\" style=\"width:205px;height:auto\" srcset=\"https:\/\/barrere.com\/wp-content\/uploads\/2025\/07\/Capture-decran-2025-07-26-a-15.41.49.png 452w, https:\/\/barrere.com\/wp-content\/uploads\/2025\/07\/Capture-decran-2025-07-26-a-15.41.49-300x127.png 300w\" sizes=\"auto, (max-width: 452px) 100vw, 452px\" \/><\/figure>\n\n\n\n<h2 class=\"wp-block-heading\">Expositions pass\u00e9es :<\/h2>\n\n\n\n<p><\/p>\n\n\n\n<h2 class=\"wp-block-heading\"># Terres en mouvement <\/h2>\n\n\n\n<p>Dieulefit, maison de la C\u00e9ramique <br>du 06 septembre au 09 novembre 2025.<\/p>\n\n\n\n<figure class=\"wp-block-image size-large is-resized\"><img loading=\"lazy\" decoding=\"async\" width=\"576\" height=\"1024\" src=\"https:\/\/barrere.com\/wp-content\/uploads\/2025\/07\/DIEULEFIT-576x1024.jpg\" alt=\"\" class=\"wp-image-525\" style=\"width:297px;height:auto\" srcset=\"https:\/\/barrere.com\/wp-content\/uploads\/2025\/07\/DIEULEFIT-576x1024.jpg 576w, https:\/\/barrere.com\/wp-content\/uploads\/2025\/07\/DIEULEFIT-169x300.jpg 169w, https:\/\/barrere.com\/wp-content\/uploads\/2025\/07\/DIEULEFIT-768x1365.jpg 768w, https:\/\/barrere.com\/wp-content\/uploads\/2025\/07\/DIEULEFIT-864x1536.jpg 864w, https:\/\/barrere.com\/wp-content\/uploads\/2025\/07\/DIEULEFIT-508x903.jpg 508w, https:\/\/barrere.com\/wp-content\/uploads\/2025\/07\/DIEULEFIT.jpg 1080w\" sizes=\"auto, (max-width: 576px) 100vw, 576px\" \/><\/figure>\n\n\n\n<p><span style=\"caret-color: rgb(0, 0, 0); color: rgb(0, 0, 0); font-family: -webkit-standard; font-size: medium; white-space: normal;\">#<\/span>&nbsp;Exposition BARRERE &amp; BIZABO ArtCoBlan<\/p>\n\n\n\n<p>13 mars au 13 avril 2025<\/p>\n\n\n\n<figure class=\"wp-block-image\"><img decoding=\"async\" src=\"http:\/\/www.ateliersducouvent.fr\/wp-content\/uploads\/2025\/02\/image-300x300.jpeg\" alt=\"\" class=\"wp-image-919\"\/><\/figure>\n\n\n\n<h2 class=\"wp-block-heading\"># Ext\u00e9rieurs \u2013 La Borne<\/h2>\n\n\n\n<p>7 au 9 juin 2025 <\/p>\n\n\n\n<figure class=\"wp-block-image\"><img decoding=\"async\" src=\"http:\/\/www.ateliersducouvent.fr\/wp-content\/uploads\/2024\/10\/Visuel-Exterieurs-2025-212x300.jpg\" alt=\"\" class=\"wp-image-921\"\/><\/figure>\n\n\n\n<p><\/p>\n","protected":false},"excerpt":{"rendered":"<p>\u00c0 venir # Bandol, march\u00e9 des potiers, Avril 2026 # All\u00e9es c\u00e9ramiques Toulouse, Septembre 2026 # L&rsquo;odyss\u00e9e de l&rsquo; imaginaire [&hellip;]<\/p>\n","protected":false},"author":1,"featured_media":0,"parent":0,"menu_order":0,"comment_status":"closed","ping_status":"closed","template":"","meta":{"site-sidebar-layout":"default","site-content-layout":"","ast-site-content-layout":"default","site-content-style":"default","site-sidebar-style":"default","ast-global-header-display":"","ast-banner-title-visibility":"","ast-main-header-display":"","ast-hfb-above-header-display":"","ast-hfb-below-header-display":"","ast-hfb-mobile-header-display":"","site-post-title":"","ast-breadcrumbs-content":"","ast-featured-img":"","footer-sml-layout":"","ast-disable-related-posts":"","theme-transparent-header-meta":"","adv-header-id-meta":"","stick-header-meta":"","header-above-stick-meta":"","header-main-stick-meta":"","header-below-stick-meta":"","astra-migrate-meta-layouts":"default","ast-page-background-enabled":"default","ast-page-background-meta":{"desktop":{"background-color":"var(--ast-global-color-5)","background-image":"","background-repeat":"repeat","background-position":"center center","background-size":"auto","background-attachment":"scroll","background-type":"","background-media":"","overlay-type":"","overlay-color":"","overlay-opacity":"","overlay-gradient":""},"tablet":{"background-color":"","background-image":"","background-repeat":"repeat","background-position":"center center","background-size":"auto","background-attachment":"scroll","background-type":"","background-media":"","overlay-type":"","overlay-color":"","overlay-opacity":"","overlay-gradient":""},"mobile":{"background-color":"","background-image":"","background-repeat":"repeat","background-position":"center center","background-size":"auto","background-attachment":"scroll","background-type":"","background-media":"","overlay-type":"","overlay-color":"","overlay-opacity":"","overlay-gradient":""}},"ast-content-background-meta":{"desktop":{"background-color":"var(--ast-global-color-4)","background-image":"","background-repeat":"repeat","background-position":"center center","background-size":"auto","background-attachment":"scroll","background-type":"","background-media":"","overlay-type":"","overlay-color":"","overlay-opacity":"","overlay-gradient":""},"tablet":{"background-color":"var(--ast-global-color-4)","background-image":"","background-repeat":"repeat","background-position":"center center","background-size":"auto","background-attachment":"scroll","background-type":"","background-media":"","overlay-type":"","overlay-color":"","overlay-opacity":"","overlay-gradient":""},"mobile":{"background-color":"var(--ast-global-color-4)","background-image":"","background-repeat":"repeat","background-position":"center center","background-size":"auto","background-attachment":"scroll","background-type":"","background-media":"","overlay-type":"","overlay-color":"","overlay-opacity":"","overlay-gradient":""}},"footnotes":""},"class_list":["post-35","page","type-page","status-publish","hentry"],"_links":{"self":[{"href":"https:\/\/barrere.com\/index.php\/wp-json\/wp\/v2\/pages\/35","targetHints":{"allow":["GET"]}}],"collection":[{"href":"https:\/\/barrere.com\/index.php\/wp-json\/wp\/v2\/pages"}],"about":[{"href":"https:\/\/barrere.com\/index.php\/wp-json\/wp\/v2\/types\/page"}],"author":[{"embeddable":true,"href":"https:\/\/barrere.com\/index.php\/wp-json\/wp\/v2\/users\/1"}],"replies":[{"embeddable":true,"href":"https:\/\/barrere.com\/index.php\/wp-json\/wp\/v2\/comments?post=35"}],"version-history":[{"count":11,"href":"https:\/\/barrere.com\/index.php\/wp-json\/wp\/v2\/pages\/35\/revisions"}],"predecessor-version":[{"id":723,"href":"https:\/\/barrere.com\/index.php\/wp-json\/wp\/v2\/pages\/35\/revisions\/723"}],"wp:attachment":[{"href":"https:\/\/barrere.com\/index.php\/wp-json\/wp\/v2\/media?parent=35"}],"curies":[{"name":"wp","href":"https:\/\/api.w.org\/{rel}","templated":true}]}}