{"id":377,"date":"2025-03-21T12:21:32","date_gmt":"2025-03-21T11:21:32","guid":{"rendered":"https:\/\/barrere.com\/?page_id=377"},"modified":"2025-03-21T14:25:43","modified_gmt":"2025-03-21T13:25:43","slug":"deus-viridis","status":"publish","type":"page","link":"https:\/\/barrere.com\/index.php\/deus-viridis\/","title":{"rendered":"Deus Viridis"},"content":{"rendered":"\n<p>Une cr\u00e9ation de 2024 en collaboration avec Nathalie Chari\u00e9<\/p>\n\n\n\n<p>Cr\u00e9\u00e9 en 2024 pour l&rsquo;exposition exposition<a href=\"https:\/\/www.centre-ceramique-giroussens.com\/expositions\/verts\/\"> VERT[s] <\/a>au <a href=\"https:\/\/www.centre-ceramique-giroussens.com\">Centre de C\u00e9ramique Contemporaine de Giroussens<\/a><\/p>\n\n\n\n<p><\/p>\n\n\n\n<figure class=\"wp-block-image alignwide size-large\"><img loading=\"lazy\" decoding=\"async\" width=\"819\" height=\"1024\" src=\"https:\/\/barrere.com\/wp-content\/uploads\/2025\/03\/DSC02544-819x1024.jpg\" alt=\"\" class=\"wp-image-378\" srcset=\"https:\/\/barrere.com\/wp-content\/uploads\/2025\/03\/DSC02544-819x1024.jpg 819w, https:\/\/barrere.com\/wp-content\/uploads\/2025\/03\/DSC02544-240x300.jpg 240w, https:\/\/barrere.com\/wp-content\/uploads\/2025\/03\/DSC02544-768x960.jpg 768w, https:\/\/barrere.com\/wp-content\/uploads\/2025\/03\/DSC02544-1229x1536.jpg 1229w, https:\/\/barrere.com\/wp-content\/uploads\/2025\/03\/DSC02544-1638x2048.jpg 1638w, https:\/\/barrere.com\/wp-content\/uploads\/2025\/03\/DSC02544-1240x1550.jpg 1240w, https:\/\/barrere.com\/wp-content\/uploads\/2025\/03\/DSC02544-508x635.jpg 508w, https:\/\/barrere.com\/wp-content\/uploads\/2025\/03\/DSC02544-scaled.jpg 2048w\" sizes=\"auto, (max-width: 819px) 100vw, 819px\" \/><\/figure>\n\n\n\n<figure class=\"wp-block-gallery has-nested-images columns-default is-cropped wp-block-gallery-1 is-layout-flex wp-block-gallery-is-layout-flex\">\n<figure class=\"wp-block-image size-large\"><img loading=\"lazy\" decoding=\"async\" width=\"1024\" height=\"683\" data-id=\"387\" src=\"https:\/\/barrere.com\/wp-content\/uploads\/2025\/03\/DSC02546-1024x683.jpg\" alt=\"\" class=\"wp-image-387\" srcset=\"https:\/\/barrere.com\/wp-content\/uploads\/2025\/03\/DSC02546-1024x683.jpg 1024w, https:\/\/barrere.com\/wp-content\/uploads\/2025\/03\/DSC02546-300x200.jpg 300w, https:\/\/barrere.com\/wp-content\/uploads\/2025\/03\/DSC02546-768x512.jpg 768w, https:\/\/barrere.com\/wp-content\/uploads\/2025\/03\/DSC02546-1536x1024.jpg 1536w, https:\/\/barrere.com\/wp-content\/uploads\/2025\/03\/DSC02546-2048x1365.jpg 2048w, https:\/\/barrere.com\/wp-content\/uploads\/2025\/03\/DSC02546-1240x827.jpg 1240w, https:\/\/barrere.com\/wp-content\/uploads\/2025\/03\/DSC02546-508x339.jpg 508w\" sizes=\"auto, (max-width: 1024px) 100vw, 1024px\" \/><\/figure>\n\n\n\n<figure class=\"wp-block-image size-large\"><img loading=\"lazy\" decoding=\"async\" width=\"682\" height=\"1024\" data-id=\"388\" src=\"https:\/\/barrere.com\/wp-content\/uploads\/2025\/03\/DSC02547-1-682x1024.jpg\" alt=\"\" class=\"wp-image-388\" srcset=\"https:\/\/barrere.com\/wp-content\/uploads\/2025\/03\/DSC02547-1-682x1024.jpg 682w, https:\/\/barrere.com\/wp-content\/uploads\/2025\/03\/DSC02547-1-200x300.jpg 200w, https:\/\/barrere.com\/wp-content\/uploads\/2025\/03\/DSC02547-1-768x1152.jpg 768w, https:\/\/barrere.com\/wp-content\/uploads\/2025\/03\/DSC02547-1-1024x1536.jpg 1024w, https:\/\/barrere.com\/wp-content\/uploads\/2025\/03\/DSC02547-1-1365x2048.jpg 1365w, https:\/\/barrere.com\/wp-content\/uploads\/2025\/03\/DSC02547-1-1240x1861.jpg 1240w, https:\/\/barrere.com\/wp-content\/uploads\/2025\/03\/DSC02547-1-508x762.jpg 508w, https:\/\/barrere.com\/wp-content\/uploads\/2025\/03\/DSC02547-1-scaled.jpg 1706w\" sizes=\"auto, (max-width: 682px) 100vw, 682px\" \/><\/figure>\n\n\n\n<figure class=\"wp-block-image size-large\"><img loading=\"lazy\" decoding=\"async\" width=\"683\" height=\"1024\" data-id=\"385\" src=\"https:\/\/barrere.com\/wp-content\/uploads\/2025\/03\/DSC02548-683x1024.jpg\" alt=\"\" class=\"wp-image-385\" srcset=\"https:\/\/barrere.com\/wp-content\/uploads\/2025\/03\/DSC02548-683x1024.jpg 683w, https:\/\/barrere.com\/wp-content\/uploads\/2025\/03\/DSC02548-200x300.jpg 200w, https:\/\/barrere.com\/wp-content\/uploads\/2025\/03\/DSC02548-768x1152.jpg 768w, https:\/\/barrere.com\/wp-content\/uploads\/2025\/03\/DSC02548-1024x1536.jpg 1024w, https:\/\/barrere.com\/wp-content\/uploads\/2025\/03\/DSC02548-1365x2048.jpg 1365w, https:\/\/barrere.com\/wp-content\/uploads\/2025\/03\/DSC02548-1240x1860.jpg 1240w, https:\/\/barrere.com\/wp-content\/uploads\/2025\/03\/DSC02548-508x762.jpg 508w, https:\/\/barrere.com\/wp-content\/uploads\/2025\/03\/DSC02548-scaled.jpg 1707w\" sizes=\"auto, (max-width: 683px) 100vw, 683px\" \/><\/figure>\n\n\n\n<figure class=\"wp-block-image size-large\"><img loading=\"lazy\" decoding=\"async\" width=\"683\" height=\"1024\" data-id=\"382\" src=\"https:\/\/barrere.com\/wp-content\/uploads\/2025\/03\/DSC02549-683x1024.jpg\" alt=\"\" class=\"wp-image-382\" srcset=\"https:\/\/barrere.com\/wp-content\/uploads\/2025\/03\/DSC02549-683x1024.jpg 683w, https:\/\/barrere.com\/wp-content\/uploads\/2025\/03\/DSC02549-200x300.jpg 200w, https:\/\/barrere.com\/wp-content\/uploads\/2025\/03\/DSC02549-768x1152.jpg 768w, https:\/\/barrere.com\/wp-content\/uploads\/2025\/03\/DSC02549-1024x1536.jpg 1024w, https:\/\/barrere.com\/wp-content\/uploads\/2025\/03\/DSC02549-1365x2048.jpg 1365w, https:\/\/barrere.com\/wp-content\/uploads\/2025\/03\/DSC02549-1240x1860.jpg 1240w, https:\/\/barrere.com\/wp-content\/uploads\/2025\/03\/DSC02549-508x762.jpg 508w, https:\/\/barrere.com\/wp-content\/uploads\/2025\/03\/DSC02549-scaled.jpg 1707w\" sizes=\"auto, (max-width: 683px) 100vw, 683px\" \/><\/figure>\n\n\n\n<figure class=\"wp-block-image size-large\"><img loading=\"lazy\" decoding=\"async\" width=\"1024\" height=\"683\" data-id=\"389\" src=\"https:\/\/barrere.com\/wp-content\/uploads\/2025\/03\/DSC02552-1-1024x683.jpg\" alt=\"\" class=\"wp-image-389\" srcset=\"https:\/\/barrere.com\/wp-content\/uploads\/2025\/03\/DSC02552-1-1024x683.jpg 1024w, https:\/\/barrere.com\/wp-content\/uploads\/2025\/03\/DSC02552-1-300x200.jpg 300w, https:\/\/barrere.com\/wp-content\/uploads\/2025\/03\/DSC02552-1-768x512.jpg 768w, https:\/\/barrere.com\/wp-content\/uploads\/2025\/03\/DSC02552-1-1536x1024.jpg 1536w, https:\/\/barrere.com\/wp-content\/uploads\/2025\/03\/DSC02552-1-2048x1365.jpg 2048w, https:\/\/barrere.com\/wp-content\/uploads\/2025\/03\/DSC02552-1-1240x827.jpg 1240w, https:\/\/barrere.com\/wp-content\/uploads\/2025\/03\/DSC02552-1-508x339.jpg 508w\" sizes=\"auto, (max-width: 1024px) 100vw, 1024px\" \/><\/figure>\n\n\n\n<figure class=\"wp-block-image size-large\"><img loading=\"lazy\" decoding=\"async\" width=\"1024\" height=\"819\" data-id=\"390\" src=\"https:\/\/barrere.com\/wp-content\/uploads\/2025\/03\/DSC02554-1-1024x819.jpg\" alt=\"\" class=\"wp-image-390\" srcset=\"https:\/\/barrere.com\/wp-content\/uploads\/2025\/03\/DSC02554-1-1024x819.jpg 1024w, https:\/\/barrere.com\/wp-content\/uploads\/2025\/03\/DSC02554-1-300x240.jpg 300w, https:\/\/barrere.com\/wp-content\/uploads\/2025\/03\/DSC02554-1-768x614.jpg 768w, https:\/\/barrere.com\/wp-content\/uploads\/2025\/03\/DSC02554-1-1536x1229.jpg 1536w, https:\/\/barrere.com\/wp-content\/uploads\/2025\/03\/DSC02554-1-2048x1639.jpg 2048w, https:\/\/barrere.com\/wp-content\/uploads\/2025\/03\/DSC02554-1-1240x992.jpg 1240w, https:\/\/barrere.com\/wp-content\/uploads\/2025\/03\/DSC02554-1-508x406.jpg 508w\" sizes=\"auto, (max-width: 1024px) 100vw, 1024px\" \/><\/figure>\n<\/figure>\n","protected":false},"excerpt":{"rendered":"<p>Une cr\u00e9ation de 2024 en collaboration avec Nathalie Chari\u00e9 Cr\u00e9\u00e9 en 2024 pour l&rsquo;exposition exposition VERT[s] au Centre de C\u00e9ramique [&hellip;]<\/p>\n","protected":false},"author":1,"featured_media":0,"parent":0,"menu_order":0,"comment_status":"closed","ping_status":"closed","template":"","meta":{"site-sidebar-layout":"default","site-content-layout":"","ast-site-content-layout":"default","site-content-style":"default","site-sidebar-style":"default","ast-global-header-display":"","ast-banner-title-visibility":"","ast-main-header-display":"","ast-hfb-above-header-display":"","ast-hfb-below-header-display":"","ast-hfb-mobile-header-display":"","site-post-title":"","ast-breadcrumbs-content":"","ast-featured-img":"","footer-sml-layout":"","ast-disable-related-posts":"","theme-transparent-header-meta":"","adv-header-id-meta":"","stick-header-meta":"","header-above-stick-meta":"","header-main-stick-meta":"","header-below-stick-meta":"","astra-migrate-meta-layouts":"default","ast-page-background-enabled":"default","ast-page-background-meta":{"desktop":{"background-color":"var(--ast-global-color-5)","background-image":"","background-repeat":"repeat","background-position":"center center","background-size":"auto","background-attachment":"scroll","background-type":"","background-media":"","overlay-type":"","overlay-color":"","overlay-opacity":"","overlay-gradient":""},"tablet":{"background-color":"","background-image":"","background-repeat":"repeat","background-position":"center center","background-size":"auto","background-attachment":"scroll","background-type":"","background-media":"","overlay-type":"","overlay-color":"","overlay-opacity":"","overlay-gradient":""},"mobile":{"background-color":"","background-image":"","background-repeat":"repeat","background-position":"center center","background-size":"auto","background-attachment":"scroll","background-type":"","background-media":"","overlay-type":"","overlay-color":"","overlay-opacity":"","overlay-gradient":""}},"ast-content-background-meta":{"desktop":{"background-color":"var(--ast-global-color-4)","background-image":"","background-repeat":"repeat","background-position":"center center","background-size":"auto","background-attachment":"scroll","background-type":"","background-media":"","overlay-type":"","overlay-color":"","overlay-opacity":"","overlay-gradient":""},"tablet":{"background-color":"var(--ast-global-color-4)","background-image":"","background-repeat":"repeat","background-position":"center center","background-size":"auto","background-attachment":"scroll","background-type":"","background-media":"","overlay-type":"","overlay-color":"","overlay-opacity":"","overlay-gradient":""},"mobile":{"background-color":"var(--ast-global-color-4)","background-image":"","background-repeat":"repeat","background-position":"center center","background-size":"auto","background-attachment":"scroll","background-type":"","background-media":"","overlay-type":"","overlay-color":"","overlay-opacity":"","overlay-gradient":""}},"footnotes":""},"class_list":["post-377","page","type-page","status-publish","hentry"],"_links":{"self":[{"href":"https:\/\/barrere.com\/index.php\/wp-json\/wp\/v2\/pages\/377","targetHints":{"allow":["GET"]}}],"collection":[{"href":"https:\/\/barrere.com\/index.php\/wp-json\/wp\/v2\/pages"}],"about":[{"href":"https:\/\/barrere.com\/index.php\/wp-json\/wp\/v2\/types\/page"}],"author":[{"embeddable":true,"href":"https:\/\/barrere.com\/index.php\/wp-json\/wp\/v2\/users\/1"}],"replies":[{"embeddable":true,"href":"https:\/\/barrere.com\/index.php\/wp-json\/wp\/v2\/comments?post=377"}],"version-history":[{"count":3,"href":"https:\/\/barrere.com\/index.php\/wp-json\/wp\/v2\/pages\/377\/revisions"}],"predecessor-version":[{"id":391,"href":"https:\/\/barrere.com\/index.php\/wp-json\/wp\/v2\/pages\/377\/revisions\/391"}],"wp:attachment":[{"href":"https:\/\/barrere.com\/index.php\/wp-json\/wp\/v2\/media?parent=377"}],"curies":[{"name":"wp","href":"https:\/\/api.w.org\/{rel}","templated":true}]}}