{"id":484,"date":"2025-06-05T10:53:43","date_gmt":"2025-06-05T08:53:43","guid":{"rendered":"https:\/\/barrere.com\/?page_id=484"},"modified":"2025-06-05T10:59:17","modified_gmt":"2025-06-05T08:59:17","slug":"experimentum-familiare","status":"publish","type":"page","link":"https:\/\/barrere.com\/index.php\/experimentum-familiare\/","title":{"rendered":"Experimentum Familiare"},"content":{"rendered":"\n<p>On dirait un \u201cmignon\u201d, un \u00eatre \u00e9trange et attendrissant, fig\u00e9 dans un instant de jeu \u2014 comme p\u00e9trifi\u00e9 alors qu\u2019il s\u2019amusait \u00e0 assembler les fragments d\u2019une famille imaginaire. Il manipule des t\u00eates, les juxtapose, les confond, les recompose, dans une tentative \u00e0 la fois ludique et troublante de faire tenir ensemble ce qui, peut-\u00eatre, s\u2019est disloqu\u00e9.<\/p>\n\n\n\n<p>La forme, organique et presque vivante, \u00e9voque pourtant la densit\u00e9 min\u00e9rale de la pierre. Elle est comme un fossile \u00e9motionnel : les traces d\u2019un attachement profond, mais aussi d\u2019un n\u00e9cessaire d\u00e9tachement. Car au c\u0153ur de cette composition, il y a une tension \u2014 celle de la filiation, du lien qui unit et qui entrave, de la m\u00e9moire familiale qui tente de se solidifier dans une forme stable, alors qu\u2019elle n\u2019est que recomposition constante.<\/p>\n\n\n\n<p>L\u2019\u0153uvre interroge la construction de l\u2019identit\u00e9, le poids de l\u2019h\u00e9ritage, la part d\u2019imaginaire que chacun projette sur ses origines. Est-ce un jeu d\u2019enfant ou un geste de survie ? Une fa\u00e7on de convoquer les figures famili\u00e8res pour mieux s\u2019en lib\u00e9rer ? Ce petit \u00eatre p\u00e9trifi\u00e9 devient le t\u00e9moin silencieux d\u2019une tentative de r\u00e9paration \u2014 ou de transformation \u2014 du lien familial.<\/p>\n\n\n\n<figure class=\"wp-block-image size-large\"><img loading=\"lazy\" decoding=\"async\" width=\"1024\" height=\"768\" src=\"https:\/\/barrere.com\/wp-content\/uploads\/2025\/06\/Photoroom_20250515_193916-2-1024x768.jpeg\" alt=\"\" class=\"wp-image-488\" srcset=\"https:\/\/barrere.com\/wp-content\/uploads\/2025\/06\/Photoroom_20250515_193916-2-1024x768.jpeg 1024w, https:\/\/barrere.com\/wp-content\/uploads\/2025\/06\/Photoroom_20250515_193916-2-300x225.jpeg 300w, https:\/\/barrere.com\/wp-content\/uploads\/2025\/06\/Photoroom_20250515_193916-2-768x576.jpeg 768w, https:\/\/barrere.com\/wp-content\/uploads\/2025\/06\/Photoroom_20250515_193916-2-1536x1152.jpeg 1536w, https:\/\/barrere.com\/wp-content\/uploads\/2025\/06\/Photoroom_20250515_193916-2-2048x1536.jpeg 2048w, https:\/\/barrere.com\/wp-content\/uploads\/2025\/06\/Photoroom_20250515_193916-2-1240x930.jpeg 1240w, https:\/\/barrere.com\/wp-content\/uploads\/2025\/06\/Photoroom_20250515_193916-2-508x381.jpeg 508w\" sizes=\"auto, (max-width: 1024px) 100vw, 1024px\" \/><\/figure>\n\n\n\n<figure class=\"wp-block-gallery has-nested-images columns-default is-cropped wp-block-gallery-1 is-layout-flex wp-block-gallery-is-layout-flex\">\n<figure class=\"wp-block-image size-large\"><img loading=\"lazy\" decoding=\"async\" width=\"768\" height=\"1024\" data-id=\"487\" src=\"https:\/\/barrere.com\/wp-content\/uploads\/2025\/06\/Photoroom_20250515_193858-2-768x1024.jpeg\" alt=\"\" class=\"wp-image-487\" srcset=\"https:\/\/barrere.com\/wp-content\/uploads\/2025\/06\/Photoroom_20250515_193858-2-768x1024.jpeg 768w, https:\/\/barrere.com\/wp-content\/uploads\/2025\/06\/Photoroom_20250515_193858-2-225x300.jpeg 225w, https:\/\/barrere.com\/wp-content\/uploads\/2025\/06\/Photoroom_20250515_193858-2-1152x1536.jpeg 1152w, https:\/\/barrere.com\/wp-content\/uploads\/2025\/06\/Photoroom_20250515_193858-2-1536x2048.jpeg 1536w, https:\/\/barrere.com\/wp-content\/uploads\/2025\/06\/Photoroom_20250515_193858-2-1240x1653.jpeg 1240w, https:\/\/barrere.com\/wp-content\/uploads\/2025\/06\/Photoroom_20250515_193858-2-508x677.jpeg 508w, https:\/\/barrere.com\/wp-content\/uploads\/2025\/06\/Photoroom_20250515_193858-2.jpeg 1800w\" sizes=\"auto, (max-width: 768px) 100vw, 768px\" \/><\/figure>\n\n\n\n<figure class=\"wp-block-image size-large\"><img loading=\"lazy\" decoding=\"async\" width=\"768\" height=\"1024\" data-id=\"485\" src=\"https:\/\/barrere.com\/wp-content\/uploads\/2025\/06\/Photoroom_20250515_193956-2-768x1024.jpeg\" alt=\"\" class=\"wp-image-485\" srcset=\"https:\/\/barrere.com\/wp-content\/uploads\/2025\/06\/Photoroom_20250515_193956-2-768x1024.jpeg 768w, https:\/\/barrere.com\/wp-content\/uploads\/2025\/06\/Photoroom_20250515_193956-2-225x300.jpeg 225w, https:\/\/barrere.com\/wp-content\/uploads\/2025\/06\/Photoroom_20250515_193956-2-1152x1536.jpeg 1152w, https:\/\/barrere.com\/wp-content\/uploads\/2025\/06\/Photoroom_20250515_193956-2-1536x2048.jpeg 1536w, https:\/\/barrere.com\/wp-content\/uploads\/2025\/06\/Photoroom_20250515_193956-2-1240x1653.jpeg 1240w, https:\/\/barrere.com\/wp-content\/uploads\/2025\/06\/Photoroom_20250515_193956-2-508x677.jpeg 508w, https:\/\/barrere.com\/wp-content\/uploads\/2025\/06\/Photoroom_20250515_193956-2.jpeg 1800w\" sizes=\"auto, (max-width: 768px) 100vw, 768px\" \/><\/figure>\n\n\n\n<figure class=\"wp-block-image size-large\"><img loading=\"lazy\" decoding=\"async\" width=\"768\" height=\"1024\" data-id=\"486\" src=\"https:\/\/barrere.com\/wp-content\/uploads\/2025\/06\/Photoroom_20250515_193933-2-768x1024.jpeg\" alt=\"\" class=\"wp-image-486\" srcset=\"https:\/\/barrere.com\/wp-content\/uploads\/2025\/06\/Photoroom_20250515_193933-2-768x1024.jpeg 768w, https:\/\/barrere.com\/wp-content\/uploads\/2025\/06\/Photoroom_20250515_193933-2-225x300.jpeg 225w, https:\/\/barrere.com\/wp-content\/uploads\/2025\/06\/Photoroom_20250515_193933-2-1152x1536.jpeg 1152w, https:\/\/barrere.com\/wp-content\/uploads\/2025\/06\/Photoroom_20250515_193933-2-1536x2048.jpeg 1536w, https:\/\/barrere.com\/wp-content\/uploads\/2025\/06\/Photoroom_20250515_193933-2-1240x1653.jpeg 1240w, https:\/\/barrere.com\/wp-content\/uploads\/2025\/06\/Photoroom_20250515_193933-2-508x677.jpeg 508w, https:\/\/barrere.com\/wp-content\/uploads\/2025\/06\/Photoroom_20250515_193933-2.jpeg 1800w\" sizes=\"auto, (max-width: 768px) 100vw, 768px\" \/><\/figure>\n<\/figure>\n","protected":false},"excerpt":{"rendered":"<p>On dirait un \u201cmignon\u201d, un \u00eatre \u00e9trange et attendrissant, fig\u00e9 dans un instant de jeu \u2014 comme p\u00e9trifi\u00e9 alors qu\u2019il [&hellip;]<\/p>\n","protected":false},"author":1,"featured_media":0,"parent":0,"menu_order":0,"comment_status":"closed","ping_status":"closed","template":"","meta":{"site-sidebar-layout":"default","site-content-layout":"","ast-site-content-layout":"default","site-content-style":"default","site-sidebar-style":"default","ast-global-header-display":"","ast-banner-title-visibility":"","ast-main-header-display":"","ast-hfb-above-header-display":"","ast-hfb-below-header-display":"","ast-hfb-mobile-header-display":"","site-post-title":"","ast-breadcrumbs-content":"","ast-featured-img":"","footer-sml-layout":"","ast-disable-related-posts":"","theme-transparent-header-meta":"","adv-header-id-meta":"","stick-header-meta":"","header-above-stick-meta":"","header-main-stick-meta":"","header-below-stick-meta":"","astra-migrate-meta-layouts":"default","ast-page-background-enabled":"default","ast-page-background-meta":{"desktop":{"background-color":"var(--ast-global-color-5)","background-image":"","background-repeat":"repeat","background-position":"center center","background-size":"auto","background-attachment":"scroll","background-type":"","background-media":"","overlay-type":"","overlay-color":"","overlay-opacity":"","overlay-gradient":""},"tablet":{"background-color":"","background-image":"","background-repeat":"repeat","background-position":"center center","background-size":"auto","background-attachment":"scroll","background-type":"","background-media":"","overlay-type":"","overlay-color":"","overlay-opacity":"","overlay-gradient":""},"mobile":{"background-color":"","background-image":"","background-repeat":"repeat","background-position":"center center","background-size":"auto","background-attachment":"scroll","background-type":"","background-media":"","overlay-type":"","overlay-color":"","overlay-opacity":"","overlay-gradient":""}},"ast-content-background-meta":{"desktop":{"background-color":"var(--ast-global-color-4)","background-image":"","background-repeat":"repeat","background-position":"center center","background-size":"auto","background-attachment":"scroll","background-type":"","background-media":"","overlay-type":"","overlay-color":"","overlay-opacity":"","overlay-gradient":""},"tablet":{"background-color":"var(--ast-global-color-4)","background-image":"","background-repeat":"repeat","background-position":"center center","background-size":"auto","background-attachment":"scroll","background-type":"","background-media":"","overlay-type":"","overlay-color":"","overlay-opacity":"","overlay-gradient":""},"mobile":{"background-color":"var(--ast-global-color-4)","background-image":"","background-repeat":"repeat","background-position":"center center","background-size":"auto","background-attachment":"scroll","background-type":"","background-media":"","overlay-type":"","overlay-color":"","overlay-opacity":"","overlay-gradient":""}},"footnotes":""},"class_list":["post-484","page","type-page","status-publish","hentry"],"_links":{"self":[{"href":"https:\/\/barrere.com\/index.php\/wp-json\/wp\/v2\/pages\/484","targetHints":{"allow":["GET"]}}],"collection":[{"href":"https:\/\/barrere.com\/index.php\/wp-json\/wp\/v2\/pages"}],"about":[{"href":"https:\/\/barrere.com\/index.php\/wp-json\/wp\/v2\/types\/page"}],"author":[{"embeddable":true,"href":"https:\/\/barrere.com\/index.php\/wp-json\/wp\/v2\/users\/1"}],"replies":[{"embeddable":true,"href":"https:\/\/barrere.com\/index.php\/wp-json\/wp\/v2\/comments?post=484"}],"version-history":[{"count":2,"href":"https:\/\/barrere.com\/index.php\/wp-json\/wp\/v2\/pages\/484\/revisions"}],"predecessor-version":[{"id":491,"href":"https:\/\/barrere.com\/index.php\/wp-json\/wp\/v2\/pages\/484\/revisions\/491"}],"wp:attachment":[{"href":"https:\/\/barrere.com\/index.php\/wp-json\/wp\/v2\/media?parent=484"}],"curies":[{"name":"wp","href":"https:\/\/api.w.org\/{rel}","templated":true}]}}