{"id":493,"date":"2025-06-05T11:10:05","date_gmt":"2025-06-05T09:10:05","guid":{"rendered":"https:\/\/barrere.com\/?page_id=493"},"modified":"2025-06-05T11:10:05","modified_gmt":"2025-06-05T09:10:05","slug":"rends-meme","status":"publish","type":"page","link":"https:\/\/barrere.com\/index.php\/rends-meme\/","title":{"rendered":"Rends m\u00e9m\u00e9 !"},"content":{"rendered":"\n<p> On se dit d\u2019abord que le loup du Petit Chaperon rouge n\u2019est pas loin\u2026 Mais que r\u00e9gurgite donc ce loup\u202f? \u00c0 en croire le titre ironique, \u00ab\u202fRends M\u00e9m\u00e9\u202f\u00bb, c\u2019est bien la vieille dame qu\u2019il recrache \u2013 ou du moins ce qu\u2019il en reste. Car de M\u00e8re-Grand, il ne subsiste aucune trace identifiable\u202f: ce qui jaillit de sa gueule n\u2019est qu\u2019un maelstr\u00f6m d\u2019organes informes, un flot charnel, grotesque et presque joyeusement obsc\u00e8ne. On devine que l\u2019artiste s\u2019est r\u00e9gal\u00e9 dans cette sc\u00e8ne de digestion \u00e0 l\u2019envers, transformant un conte d\u2019enfance en bacchanale organique.<\/p>\n\n\n\n<figure class=\"wp-block-gallery has-nested-images columns-default is-cropped wp-block-gallery-1 is-layout-flex wp-block-gallery-is-layout-flex\">\n<figure class=\"wp-block-image size-large\"><img loading=\"lazy\" decoding=\"async\" width=\"768\" height=\"1024\" data-id=\"495\" src=\"https:\/\/barrere.com\/wp-content\/uploads\/2025\/06\/Photoroom_20250514_094554-768x1024.jpeg\" alt=\"\" class=\"wp-image-495\" srcset=\"https:\/\/barrere.com\/wp-content\/uploads\/2025\/06\/Photoroom_20250514_094554-768x1024.jpeg 768w, https:\/\/barrere.com\/wp-content\/uploads\/2025\/06\/Photoroom_20250514_094554-225x300.jpeg 225w, https:\/\/barrere.com\/wp-content\/uploads\/2025\/06\/Photoroom_20250514_094554-1152x1536.jpeg 1152w, https:\/\/barrere.com\/wp-content\/uploads\/2025\/06\/Photoroom_20250514_094554-1536x2048.jpeg 1536w, https:\/\/barrere.com\/wp-content\/uploads\/2025\/06\/Photoroom_20250514_094554-1240x1653.jpeg 1240w, https:\/\/barrere.com\/wp-content\/uploads\/2025\/06\/Photoroom_20250514_094554-508x677.jpeg 508w, https:\/\/barrere.com\/wp-content\/uploads\/2025\/06\/Photoroom_20250514_094554-scaled.jpeg 1920w\" sizes=\"auto, (max-width: 768px) 100vw, 768px\" \/><\/figure>\n\n\n\n<figure class=\"wp-block-image size-large\"><img loading=\"lazy\" decoding=\"async\" width=\"768\" height=\"1024\" data-id=\"494\" src=\"https:\/\/barrere.com\/wp-content\/uploads\/2025\/06\/Photoroom_20250514_094642-768x1024.jpeg\" alt=\"\" class=\"wp-image-494\" srcset=\"https:\/\/barrere.com\/wp-content\/uploads\/2025\/06\/Photoroom_20250514_094642-768x1024.jpeg 768w, https:\/\/barrere.com\/wp-content\/uploads\/2025\/06\/Photoroom_20250514_094642-225x300.jpeg 225w, https:\/\/barrere.com\/wp-content\/uploads\/2025\/06\/Photoroom_20250514_094642-1152x1536.jpeg 1152w, https:\/\/barrere.com\/wp-content\/uploads\/2025\/06\/Photoroom_20250514_094642-1536x2048.jpeg 1536w, https:\/\/barrere.com\/wp-content\/uploads\/2025\/06\/Photoroom_20250514_094642-1240x1653.jpeg 1240w, https:\/\/barrere.com\/wp-content\/uploads\/2025\/06\/Photoroom_20250514_094642-508x677.jpeg 508w, https:\/\/barrere.com\/wp-content\/uploads\/2025\/06\/Photoroom_20250514_094642-scaled.jpeg 1920w\" sizes=\"auto, (max-width: 768px) 100vw, 768px\" \/><\/figure>\n<\/figure>\n","protected":false},"excerpt":{"rendered":"<p>On se dit d\u2019abord que le loup du Petit Chaperon rouge n\u2019est pas loin\u2026 Mais que r\u00e9gurgite donc ce loup\u202f? [&hellip;]<\/p>\n","protected":false},"author":1,"featured_media":0,"parent":0,"menu_order":0,"comment_status":"closed","ping_status":"closed","template":"","meta":{"site-sidebar-layout":"default","site-content-layout":"","ast-site-content-layout":"default","site-content-style":"default","site-sidebar-style":"default","ast-global-header-display":"","ast-banner-title-visibility":"","ast-main-header-display":"","ast-hfb-above-header-display":"","ast-hfb-below-header-display":"","ast-hfb-mobile-header-display":"","site-post-title":"","ast-breadcrumbs-content":"","ast-featured-img":"","footer-sml-layout":"","ast-disable-related-posts":"","theme-transparent-header-meta":"","adv-header-id-meta":"","stick-header-meta":"","header-above-stick-meta":"","header-main-stick-meta":"","header-below-stick-meta":"","astra-migrate-meta-layouts":"default","ast-page-background-enabled":"default","ast-page-background-meta":{"desktop":{"background-color":"var(--ast-global-color-5)","background-image":"","background-repeat":"repeat","background-position":"center center","background-size":"auto","background-attachment":"scroll","background-type":"","background-media":"","overlay-type":"","overlay-color":"","overlay-opacity":"","overlay-gradient":""},"tablet":{"background-color":"","background-image":"","background-repeat":"repeat","background-position":"center center","background-size":"auto","background-attachment":"scroll","background-type":"","background-media":"","overlay-type":"","overlay-color":"","overlay-opacity":"","overlay-gradient":""},"mobile":{"background-color":"","background-image":"","background-repeat":"repeat","background-position":"center center","background-size":"auto","background-attachment":"scroll","background-type":"","background-media":"","overlay-type":"","overlay-color":"","overlay-opacity":"","overlay-gradient":""}},"ast-content-background-meta":{"desktop":{"background-color":"var(--ast-global-color-4)","background-image":"","background-repeat":"repeat","background-position":"center center","background-size":"auto","background-attachment":"scroll","background-type":"","background-media":"","overlay-type":"","overlay-color":"","overlay-opacity":"","overlay-gradient":""},"tablet":{"background-color":"var(--ast-global-color-4)","background-image":"","background-repeat":"repeat","background-position":"center center","background-size":"auto","background-attachment":"scroll","background-type":"","background-media":"","overlay-type":"","overlay-color":"","overlay-opacity":"","overlay-gradient":""},"mobile":{"background-color":"var(--ast-global-color-4)","background-image":"","background-repeat":"repeat","background-position":"center center","background-size":"auto","background-attachment":"scroll","background-type":"","background-media":"","overlay-type":"","overlay-color":"","overlay-opacity":"","overlay-gradient":""}},"footnotes":""},"class_list":["post-493","page","type-page","status-publish","hentry"],"_links":{"self":[{"href":"https:\/\/barrere.com\/index.php\/wp-json\/wp\/v2\/pages\/493","targetHints":{"allow":["GET"]}}],"collection":[{"href":"https:\/\/barrere.com\/index.php\/wp-json\/wp\/v2\/pages"}],"about":[{"href":"https:\/\/barrere.com\/index.php\/wp-json\/wp\/v2\/types\/page"}],"author":[{"embeddable":true,"href":"https:\/\/barrere.com\/index.php\/wp-json\/wp\/v2\/users\/1"}],"replies":[{"embeddable":true,"href":"https:\/\/barrere.com\/index.php\/wp-json\/wp\/v2\/comments?post=493"}],"version-history":[{"count":1,"href":"https:\/\/barrere.com\/index.php\/wp-json\/wp\/v2\/pages\/493\/revisions"}],"predecessor-version":[{"id":496,"href":"https:\/\/barrere.com\/index.php\/wp-json\/wp\/v2\/pages\/493\/revisions\/496"}],"wp:attachment":[{"href":"https:\/\/barrere.com\/index.php\/wp-json\/wp\/v2\/media?parent=493"}],"curies":[{"name":"wp","href":"https:\/\/api.w.org\/{rel}","templated":true}]}}